{"id":35361,"date":"2025-08-15T08:54:34","date_gmt":"2025-08-15T08:54:34","guid":{"rendered":"https:\/\/twinbeans.vn\/?post_type=product&#038;p=35361"},"modified":"2026-02-02T02:48:19","modified_gmt":"2026-02-02T02:48:19","slug":"custom-blend","status":"publish","type":"product","link":"http:\/\/twinbeans.vn\/vi\/shop\/custom-blend\/","title":{"rendered":"C\u00e0 ph\u00ea c\u00e1 nh\u00e2n ho\u00e1 v\u1ecb tu\u1ef3 ch\u1ec9nh"},"content":{"rendered":"<h2>Customize your own coffee blend<\/h2>\n<p data-start=\"0\" data-end=\"66\">Everyone has a different definition of what makes a good cup of coffee. Some say coffee must be bold and bitter, while others prefer the gentle smoothness and bright acidity of Arabica. At Twin Beans Farm, we believe the best cup of coffee is the one made just for you \u2014 exactly the way you like it.\u00a0Located in \u0110\u1ea1 Sar, at the foot of the Lang Biang mountain range, our farm sits in one of the rare regions in Vietnam with the perfect conditions for cultivating Arabica coffee of exceptional quality. With our roastery right on the farm, we are involved in the entire process \u2014 from cultivation and harvesting to processing, roasting, and delivering the freshest batches directly to you.<\/p>\n<h5>1. Choose your blend ratio<\/h5>\n<p>\u0110i\u1ec1u \u0111\u1ea7u ti\u00ean b\u1ea1n c\u00f3 th\u1ec3 l\u1ef1a ch\u1ecdn l\u00e0\u00a0<strong>t\u1ef7 l\u1ec7 ph\u1ed1i tr\u1ed9n (c\u00f2n g\u1ecdi l\u00e0 blend)<\/strong><\/p>\n<ul>\n<li><i>Arabica \u0111\u1eafng nh\u1eb9, chua thanh, h\u01b0\u01a1ng th\u01a1m phong ph\u00fa v\u1edbi n\u1ed1t tr\u00e1i c\u00e2y, m\u1eadt ong.<\/i><\/li>\n<li><i>Robusta \u0111\u1eadm \u0111\u00e0, m\u1ea1nh m\u1ebd, v\u1edbi v\u1ecb \u0111\u1eafng r\u00f5 n\u00e9t v\u00e0 l\u01b0\u1ee3ng caffein cao.<\/i><\/li>\n<\/ul>\n<p>Our Arabica beans come from Twin Beans Farm and other farms in \u0110\u1ea1 Sar, while our Robusta beans are sourced from L\u00e2m H\u00e0, L\u00e2m \u0110\u1ed3ng, and processed by local farmers in \u0110\u1ea1 Sar.\u00a0You can set your blend according to your taste: more Robusta for a bolder, stronger profile (while still keeping some Arabica for aroma and finesse), or more Arabica if you prefer a lighter, more aromatic cup.<\/p>\n<h5>2. Choose your roast level<\/h5>\n<p>L\u1ef1a ch\u1ecdn th\u1ee9 hai l\u00e0\u00a0<strong>m\u1ee9c rang<\/strong>, th\u1ee9 c\u0169ng \u1ea3nh h\u01b0\u1edfng nhi\u1ec1u \u0111\u1ebfn h\u01b0\u01a1ng v\u1ecb ly c\u00e0 ph\u00ea. C\u00f3 c\u00e1c c\u1ea5p \u0111\u1ed9 rang t\u1eeb nh\u1eb9 \u0111\u1ebfn \u0111\u1eadm:<\/p>\n<ul>\n<li><i><strong>Light to medium roast<\/strong>\u00a0M\u1ee9c rang nh\u1eb9 \u0111\u1ebfn v\u1eeba gi\u1eef l\u1ea1i \u0111\u1ed9 chua thanh v\u00e0 h\u01b0\u01a1ng tr\u00e1i c\u00e2y, ph\u00f9 h\u1ee3p v\u1edbi c\u00e0 ph\u00ea th\u1ee7 c\u00f4ng pour-over hay cold brew. \u0110\u00e2y l\u00e0 m\u1ee9c rang ph\u00f9 h\u1ee3p v\u1edbi t\u1ef7 l\u1ec7 100% Arabica.<\/i><\/li>\n<li><i><strong>Dark roast<\/strong> M\u1ee9c rang \u0111\u1eadm mang \u0111\u1ebfn v\u1ecb \u0111\u1eafng, \u0111\u1eadm \u0111\u00e0, body d\u00e0y h\u01a1n v\u00e0 ch\u1ec9 c\u00f2n l\u1ea1i m\u00f9i h\u1ea1t ho\u1eb7c m\u00f9i socola \u0111en \u0111\u01a1n gi\u1ea3n. \u0110\u00e2y l\u00e0 m\u1ee9c rang l\u00fd t\u01b0\u1edfng cho c\u00e0 ph\u00ea s\u1eefa \u0111\u00e1 ho\u1eb7c espresso<\/i><\/li>\n<\/ul>\n<h5>3. Choose your grind<\/h5>\n<p>L\u1ef1a ch\u1ecdn th\u1ee9 ba l\u00e0\u00a0<strong>m\u1ee9c xay c\u00e0 ph\u00ea<\/strong>theo c\u00e1ch m\u00e0 b\u1ea1n pha ch\u1ebf v\u00e0 th\u01b0\u1edfng th\u1ee9c c\u00e0 ph\u00ea t\u1ea1i nh\u00e0:<\/p>\n<ul>\n<li><em>pha m\u00e1y espresso (m\u1ecbn)<\/em><\/li>\n<li><em>pha th\u1ee7 c\u00f4ng pour over (m\u1ecbn trung b\u00ecnh)<\/em><\/li>\n<li><em>pha phin (trung b\u00ecnh)<\/em><\/li>\n<li><em>cold brew (th\u00f4)<\/em><\/li>\n<li><em>C\u00f2n n\u1ebfu \u1edf nh\u00e0 b\u1ea1n c\u00f3 m\u00e1y xay, b\u1ea1n c\u00f3 th\u1ec3 l\u1ef1a ch\u1ecdn c\u00e0 ph\u00ea nguy\u00ean h\u1ea1t \u0111\u1ec3 d\u00f9ng \u0111\u1ebfn \u0111\u00e2u xay \u0111\u1ebfn \u0111\u00f3, c\u00e0 ph\u00ea s\u1ebd lu\u00f4n t\u01b0\u01a1i m\u1edbi.<\/em><\/li>\n<\/ul>","protected":false},"excerpt":{"rendered":"<ul>\n<li data-start=\"0\" data-end=\"51\">\n<p data-start=\"0\" data-end=\"66\">Origin: L\u1ea1c D\u01b0\u01a1ng (alt. 1,450m) &amp; L\u00e2m H\u00e0 (alt. 1,100m), L\u00e2m \u0110\u1ed3ng<\/p>\n<\/li>\n<li data-start=\"0\" data-end=\"51\">\n<p data-start=\"0\" data-end=\"66\">Blend Ratio: Custom<\/p>\n<\/li>\n<li data-start=\"0\" data-end=\"51\">\n<p data-start=\"0\" data-end=\"66\">Roast Level: Custom (Light, Medium, or Dark)<\/p>\n<\/li>\n<li data-start=\"0\" data-end=\"51\">\n<p data-start=\"0\" data-end=\"66\">Grind Size: Custom (Whole bean, Phin, Espresso, V60, or Cold brew)<\/p>\n<\/li>\n<li data-start=\"0\" data-end=\"51\">\n<p data-start=\"0\" data-end=\"66\">Net Weight: 250g<\/p>\n<\/li>\n<\/ul>","protected":false},"featured_media":34984,"comment_status":"open","ping_status":"closed","template":"","meta":[],"product_brand":[],"product_cat":[179,254],"product_tag":[],"class_list":{"0":"post-35361","1":"product","2":"type-product","3":"status-publish","4":"has-post-thumbnail","6":"product_cat-coffee-beans","7":"product_cat-custom","9":"first","10":"instock","11":"shipping-taxable","12":"purchasable","13":"product-type-variable"},"_links":{"self":[{"href":"http:\/\/twinbeans.vn\/vi\/wp-json\/wp\/v2\/product\/35361","targetHints":{"allow":["GET"]}}],"collection":[{"href":"http:\/\/twinbeans.vn\/vi\/wp-json\/wp\/v2\/product"}],"about":[{"href":"http:\/\/twinbeans.vn\/vi\/wp-json\/wp\/v2\/types\/product"}],"replies":[{"embeddable":true,"href":"http:\/\/twinbeans.vn\/vi\/wp-json\/wp\/v2\/comments?post=35361"}],"wp:featuredmedia":[{"embeddable":true,"href":"http:\/\/twinbeans.vn\/vi\/wp-json\/wp\/v2\/media\/34984"}],"wp:attachment":[{"href":"http:\/\/twinbeans.vn\/vi\/wp-json\/wp\/v2\/media?parent=35361"}],"wp:term":[{"taxonomy":"product_brand","embeddable":true,"href":"http:\/\/twinbeans.vn\/vi\/wp-json\/wp\/v2\/product_brand?post=35361"},{"taxonomy":"product_cat","embeddable":true,"href":"http:\/\/twinbeans.vn\/vi\/wp-json\/wp\/v2\/product_cat?post=35361"},{"taxonomy":"product_tag","embeddable":true,"href":"http:\/\/twinbeans.vn\/vi\/wp-json\/wp\/v2\/product_tag?post=35361"}],"curies":[{"name":"wp","href":"https:\/\/api.w.org\/{rel}","templated":true}]}}