{"id":35360,"date":"2025-08-15T08:32:31","date_gmt":"2025-08-15T08:32:31","guid":{"rendered":"https:\/\/twinbeans.vn\/?post_type=product&#038;p=35360"},"modified":"2026-02-02T02:44:11","modified_gmt":"2026-02-02T02:44:11","slug":"bold-phin-coffee","status":"publish","type":"product","link":"http:\/\/twinbeans.vn\/vi\/shop\/bold-phin-coffee\/","title":{"rendered":"C\u00e0 ph\u00ea Phin \u0110\u1eadm \u2013 70% Robusta 30% Arabica"},"content":{"rendered":"<p data-start=\"63\" data-end=\"288\">Arabica beans sourced from Twin Beans Farm (\u0110\u1ea1 Sar, L\u1ea1c D\u01b0\u01a1ng, L\u00e2m \u0110\u1ed3ng). Robusta beans sourced from L\u00e2m H\u00e0 District, L\u00e2m \u0110\u1ed3ng Province, processed by K\u2019Ho ethnic farmers in \u0110a Sar, and roasted and ground at Twin Beans Farm. Rich, full-bodied flavor. Ideal for brewing with a Vietnamese phin.<\/p>\n<ul>\n<li data-start=\"0\" data-end=\"51\">Origin: L\u1ea1c D\u01b0\u01a1ng (alt.1450m) &amp; L\u00e2m H\u00e0 (alt.1100m), L\u00e2m \u0110\u1ed3ng<\/li>\n<li data-start=\"53\" data-end=\"80\">Blend Ratio: 70% Robusta &#8211; 30% Arabica<\/li>\n<li data-start=\"82\" data-end=\"115\">Roast Level: Medium<\/li>\n<li data-start=\"117\" data-end=\"153\">Grind Size: Vietnamese Phin (Filter)<\/li>\n<li data-start=\"155\" data-end=\"173\">Net Weight: 250g<\/li>\n<\/ul>\n<p data-start=\"0\" data-end=\"315\">&#8212;<\/p>\n<p data-start=\"0\" data-end=\"289\">With Robusta making up 70% of the blend, the coffee gains strength and boldness. Robusta coffee has a more pronounced bitterness, lower acidity, and generally a heavier body compared to Arabica. You\u2019ll taste a clear bitterness along with richness and a full-bodied \u201cweight\u201d in every sip.<\/p>\n<p data-start=\"291\" data-end=\"760\">Arabica at 30% brings balance to the blend, adding gentle acidity and natural sweetness. Arabica beans tend to have a more complex flavor profile, with fruity, floral, or naturally sweet notes. You may notice delicate nuances like ripe fruit, chocolate, or hazelnut, along with a touch of brightness that softens Robusta\u2019s bitterness. With a high Robusta content, the coffee will have a dense, smooth texture and create a thick, velvety crema when brewed as espresso.<\/p>\n<p data-start=\"762\" data-end=\"975\">While Robusta contributes intensity, the presence of Arabica reduces harshness and enhances balance, making the flavor richer and more pleasant. This blend works well for both black coffee and milk-based drinks.<\/p>\n<p data-start=\"977\" data-end=\"1178\" data-is-last-node=\"\" data-is-only-node=\"\">That\u2019s why we recommend it for those who love a strong, full-bodied cup but still want layers of richness and harmony \u2014 combining the bold depth of Robusta with the refined, lighter touch of Arabica.<\/p>","protected":false},"excerpt":{"rendered":"<ul>\n<li data-start=\"0\" data-end=\"51\">Origin: L\u1ea1c D\u01b0\u01a1ng (alt.1450m) &amp; L\u00e2m H\u00e0 (alt.1100m), L\u00e2m \u0110\u1ed3ng<\/li>\n<li data-start=\"53\" data-end=\"80\">Blend Ratio: 70% Robusta &#8211; 30% Arabica<\/li>\n<li data-start=\"82\" data-end=\"115\">Roast Level: Medium<\/li>\n<li data-start=\"117\" data-end=\"153\">Grind Size: Phin (Vietnamese filter)<\/li>\n<li data-start=\"155\" data-end=\"173\">Net Weight: 250g<\/li>\n<\/ul>\n<p>&nbsp;<\/p>\n<ol>\n<li style=\"list-style-type: none;\"><\/li>\n<\/ol>","protected":false},"featured_media":35356,"comment_status":"open","ping_status":"closed","template":"","meta":[],"product_brand":[],"product_cat":[179,253],"product_tag":[],"class_list":{"0":"post-35360","1":"product","2":"type-product","3":"status-publish","4":"has-post-thumbnail","6":"product_cat-coffee-beans","7":"product_cat-standard","9":"first","10":"instock","11":"shipping-taxable","12":"purchasable","13":"product-type-simple"},"_links":{"self":[{"href":"http:\/\/twinbeans.vn\/vi\/wp-json\/wp\/v2\/product\/35360","targetHints":{"allow":["GET"]}}],"collection":[{"href":"http:\/\/twinbeans.vn\/vi\/wp-json\/wp\/v2\/product"}],"about":[{"href":"http:\/\/twinbeans.vn\/vi\/wp-json\/wp\/v2\/types\/product"}],"replies":[{"embeddable":true,"href":"http:\/\/twinbeans.vn\/vi\/wp-json\/wp\/v2\/comments?post=35360"}],"wp:featuredmedia":[{"embeddable":true,"href":"http:\/\/twinbeans.vn\/vi\/wp-json\/wp\/v2\/media\/35356"}],"wp:attachment":[{"href":"http:\/\/twinbeans.vn\/vi\/wp-json\/wp\/v2\/media?parent=35360"}],"wp:term":[{"taxonomy":"product_brand","embeddable":true,"href":"http:\/\/twinbeans.vn\/vi\/wp-json\/wp\/v2\/product_brand?post=35360"},{"taxonomy":"product_cat","embeddable":true,"href":"http:\/\/twinbeans.vn\/vi\/wp-json\/wp\/v2\/product_cat?post=35360"},{"taxonomy":"product_tag","embeddable":true,"href":"http:\/\/twinbeans.vn\/vi\/wp-json\/wp\/v2\/product_tag?post=35360"}],"curies":[{"name":"wp","href":"https:\/\/api.w.org\/{rel}","templated":true}]}}