{"id":35353,"date":"2025-08-15T08:18:51","date_gmt":"2025-08-15T08:18:51","guid":{"rendered":"https:\/\/twinbeans.vn\/?post_type=product&#038;p=35353"},"modified":"2025-08-27T08:51:36","modified_gmt":"2025-08-27T08:51:36","slug":"traditional-vietnamese-phin-coffee","status":"publish","type":"product","link":"http:\/\/twinbeans.vn\/vi\/shop\/traditional-vietnamese-phin-coffee\/","title":{"rendered":"C\u00e0 ph\u00ea Phin truy\u1ec1n th\u1ed1ng Vi\u1ec7t Nam \u2013 90% Robusta 10% Arabica"},"content":{"rendered":"<p data-start=\"63\" data-end=\"288\">Arabica beans sourced from Twin Beans Farm (\u0110\u1ea1 Sar, L\u1ea1c D\u01b0\u01a1ng, L\u00e2m \u0110\u1ed3ng). Robusta beans sourced from L\u00e2m H\u00e0 District, L\u00e2m \u0110\u1ed3ng Province, processed by K\u2019Ho ethnic farmers in \u0110a Sar, and roasted and ground at Twin Beans Farm. Traditional, bold flavor. Ideal for brewing with a Vietnamese phin.<\/p>\n<ul>\n<li data-start=\"0\" data-end=\"51\">Origin: L\u1ea1c D\u01b0\u01a1ng (alt.1450m) &amp; L\u00e2m H\u00e0 (alt.1100m), L\u00e2m \u0110\u1ed3ng<\/li>\n<li data-start=\"53\" data-end=\"80\">Blend Ratio: 90% Robusta &#8211; 10% Arabica<\/li>\n<li data-start=\"82\" data-end=\"115\">Roast Level: Medium Dark<\/li>\n<li data-start=\"117\" data-end=\"153\">Grind Size: Vietnamese Phin (Filter)<\/li>\n<li data-start=\"155\" data-end=\"173\">Net Weight: 250g<\/li>\n<\/ul>\n<p data-start=\"0\" data-end=\"315\">&#8212;<\/p>\n<p data-start=\"0\" data-end=\"315\">If you\u2019re a traditionalist who enjoys a bold, intense flavor and a strong caffeine kick, a blend of 90% Robusta and 10% Arabica is the perfect choice. With this ratio, you\u2019ll get a cup that carries the deep bitterness and strength of Robusta, yet still holds the aromatic notes and balanced aftertaste of Arabica.<\/p>\n<p data-start=\"317\" data-end=\"612\">For an energy boost and sharp focus at the start of the week, we recommend using this blend for black Vietnamese phin coffee or iced milk coffee. Sip slowly to appreciate the layers of dark chocolate and nutty notes from pure coffee beans, adding richness and complexity to the overall flavor.<\/p>\n<p data-start=\"614\" data-end=\"833\" data-is-last-node=\"\" data-is-only-node=\"\">If you\u2019re feeling more indulgent, try it in egg coffee or coconut coffee \u2014 the robust bitterness of the 9\u20131 blend perfectly balances the creaminess and sweetness of coconut, creating a delicious and distinctive drink.<\/p>\n<p data-start=\"614\" data-end=\"833\" data-is-last-node=\"\" data-is-only-node=\"\">","protected":false},"excerpt":{"rendered":"<ul>\n<li data-start=\"0\" data-end=\"51\">Origin: L\u1ea1c D\u01b0\u01a1ng (alt.1450m) &amp; L\u00e2m H\u00e0 (alt.1100m), L\u00e2m \u0110\u1ed3ng<\/li>\n<li data-start=\"53\" data-end=\"80\">Blend Ratio: 90% Robusta &#8211; 10% Arabica<\/li>\n<li data-start=\"82\" data-end=\"115\">Roast Level: Medium Dark<\/li>\n<li data-start=\"117\" data-end=\"153\">Grind Size: Phin (Vietnamese filter)<\/li>\n<li data-start=\"155\" data-end=\"173\">Net Weight: 250g<\/li>\n<\/ul>\n<p>&nbsp;<\/p>\n<ol>\n<li style=\"list-style-type: none;\"><\/li>\n<\/ol>","protected":false},"featured_media":35354,"comment_status":"open","ping_status":"closed","template":"","meta":[],"product_brand":[],"product_cat":[179,253],"product_tag":[],"class_list":{"0":"post-35353","1":"product","2":"type-product","3":"status-publish","4":"has-post-thumbnail","6":"product_cat-coffee-beans","7":"product_cat-standard","9":"first","10":"instock","11":"shipping-taxable","12":"purchasable","13":"product-type-simple"},"_links":{"self":[{"href":"http:\/\/twinbeans.vn\/vi\/wp-json\/wp\/v2\/product\/35353","targetHints":{"allow":["GET"]}}],"collection":[{"href":"http:\/\/twinbeans.vn\/vi\/wp-json\/wp\/v2\/product"}],"about":[{"href":"http:\/\/twinbeans.vn\/vi\/wp-json\/wp\/v2\/types\/product"}],"replies":[{"embeddable":true,"href":"http:\/\/twinbeans.vn\/vi\/wp-json\/wp\/v2\/comments?post=35353"}],"wp:featuredmedia":[{"embeddable":true,"href":"http:\/\/twinbeans.vn\/vi\/wp-json\/wp\/v2\/media\/35354"}],"wp:attachment":[{"href":"http:\/\/twinbeans.vn\/vi\/wp-json\/wp\/v2\/media?parent=35353"}],"wp:term":[{"taxonomy":"product_brand","embeddable":true,"href":"http:\/\/twinbeans.vn\/vi\/wp-json\/wp\/v2\/product_brand?post=35353"},{"taxonomy":"product_cat","embeddable":true,"href":"http:\/\/twinbeans.vn\/vi\/wp-json\/wp\/v2\/product_cat?post=35353"},{"taxonomy":"product_tag","embeddable":true,"href":"http:\/\/twinbeans.vn\/vi\/wp-json\/wp\/v2\/product_tag?post=35353"}],"curies":[{"name":"wp","href":"https:\/\/api.w.org\/{rel}","templated":true}]}}